{"id":11,"date":"2025-02-12T15:06:16","date_gmt":"2025-02-12T15:06:16","guid":{"rendered":"http:\/\/localhost\/fusion-suites\/?page_id=11"},"modified":"2025-03-30T16:54:41","modified_gmt":"2025-03-30T16:54:41","slug":"fusionlife","status":"publish","type":"page","link":"http:\/\/fusion-suites.com\/vi\/fusionlife\/","title":{"rendered":"FusionLife"},"content":{"rendered":"<div class=\"wp-block-group is-layout-flow wp-container-core-group-is-layout-a77db08e wp-block-group-is-layout-flow\">\n<div class=\"wp-block-group has-global-padding is-layout-constrained wp-container-core-group-is-layout-0b1b5f9b wp-block-group-is-layout-constrained\" style=\"border-bottom-color:#e5e5e5;border-bottom-width:1px;padding-top:var(--wp--preset--spacing--60);padding-bottom:var(--wp--preset--spacing--60)\">\n<div class=\"wp-block-columns are-vertically-aligned-top is-layout-flex wp-container-core-columns-is-layout-28f84493 wp-block-columns-is-layout-flex\">\n<div class=\"wp-block-column is-vertically-aligned-top is-layout-flow wp-block-column-is-layout-flow\" style=\"flex-basis:40%\">\n<figure class=\"wp-block-image size-full\"><img loading=\"lazy\" decoding=\"async\" width=\"800\" height=\"508\" src=\"http:\/\/fusion-suites.com\/wp-content\/uploads\/2025\/03\/fusionlife-lifer.png\" alt=\"\" class=\"wp-image-176\" srcset=\"http:\/\/fusion-suites.com\/wp-content\/uploads\/2025\/03\/fusionlife-lifer.png 800w, http:\/\/fusion-suites.com\/wp-content\/uploads\/2025\/03\/fusionlife-lifer-300x191.png 300w, http:\/\/fusion-suites.com\/wp-content\/uploads\/2025\/03\/fusionlife-lifer-768x488.png 768w, http:\/\/fusion-suites.com\/wp-content\/uploads\/2025\/03\/fusionlife-lifer-18x12.png 18w\" sizes=\"auto, (max-width: 800px) 100vw, 800px\" \/><\/figure>\n<\/div>\n\n\n\n<div class=\"wp-block-column is-vertically-aligned-top is-layout-flow wp-block-column-is-layout-flow\">\n<div class=\"wp-block-group has-global-padding is-layout-constrained wp-container-core-group-is-layout-19e250f3 wp-block-group-is-layout-constrained\">\n<h2 class=\"wp-block-heading\">FUSIONLIFER<\/h2>\n\n\n\n<p class=\"has-primary-color has-text-color has-link-color has-text-m-font-size wp-elements-711e747be5ccacd092d9a7f2a7f8ccd7\">ENJOY EXCLUSIVE BENEFITS FROM THE MOMENT YOU JOIN<\/p>\n<\/div>\n\n\n\n<ul class=\"wp-block-list\">\n<li>Gi\u1ea3m 12% gi\u00e1 \u0111\u1eb7t ph\u00f2ng<\/li>\n\n\n\n<li>Gi\u1ea3m 10% gi\u00e1 c\u00e1c d\u1ecbch v\u1ee5 trong th\u1eddi gian l\u01b0u tr\u00fa nh\u01b0 \u1ea9m th\u1ef1c v\u00e0 spa<\/li>\n\n\n\n<li>C\u00e1c \u01b0u \u0111\u00e3i \u0111\u1ed9c quy\u1ec1n ch\u1ec9 d\u00e0nh cho H\u1ed9i vi\u00ean<\/li>\n\n\n\n<li>T\u1eb7ng m\u00f3n n\u01b0\u1edbc (kh\u00f4ng c\u1ed3n) cho m\u1ed7i kh\u00e1ch\/ l\u1ea7n l\u01b0u tr\u00fa<\/li>\n<\/ul>\n<\/div>\n<\/div>\n<\/div>\n\n\n\n<div class=\"wp-block-group has-global-padding is-layout-constrained wp-container-core-group-is-layout-0b1b5f9b wp-block-group-is-layout-constrained\" style=\"border-bottom-color:#e5e5e5;border-bottom-width:1px;padding-top:var(--wp--preset--spacing--60);padding-bottom:var(--wp--preset--spacing--60)\">\n<div class=\"wp-block-columns are-vertically-aligned-top is-layout-flex wp-container-core-columns-is-layout-28f84493 wp-block-columns-is-layout-flex\">\n<div class=\"wp-block-column is-vertically-aligned-top is-layout-flow wp-block-column-is-layout-flow\" style=\"flex-basis:40%\">\n<figure class=\"wp-block-image size-full\"><img loading=\"lazy\" decoding=\"async\" width=\"800\" height=\"508\" src=\"http:\/\/fusion-suites.com\/wp-content\/uploads\/2025\/03\/fusionlife-premier.png\" alt=\"\" class=\"wp-image-175\" srcset=\"http:\/\/fusion-suites.com\/wp-content\/uploads\/2025\/03\/fusionlife-premier.png 800w, http:\/\/fusion-suites.com\/wp-content\/uploads\/2025\/03\/fusionlife-premier-300x191.png 300w, http:\/\/fusion-suites.com\/wp-content\/uploads\/2025\/03\/fusionlife-premier-768x488.png 768w, http:\/\/fusion-suites.com\/wp-content\/uploads\/2025\/03\/fusionlife-premier-18x12.png 18w\" sizes=\"auto, (max-width: 800px) 100vw, 800px\" \/><\/figure>\n<\/div>\n\n\n\n<div class=\"wp-block-column is-vertically-aligned-top is-layout-flow wp-block-column-is-layout-flow\">\n<div class=\"wp-block-group has-global-padding is-layout-constrained wp-container-core-group-is-layout-19e250f3 wp-block-group-is-layout-constrained\">\n<h2 class=\"wp-block-heading\">PREMIER<\/h2>\n\n\n\n<p class=\"has-primary-color has-text-color has-link-color has-text-m-font-size wp-elements-8baefe560471142f18d4061cc7120c2e\">SPEND &gt; $1,000. ANNUAL REQUIRED SPEND TO MAINTAIN STATUS, OR UPGRADE STATUS.<\/p>\n<\/div>\n\n\n\n<ul class=\"wp-block-list\">\n<li>Gi\u1ea3m 15% gi\u00e1 \u0111\u1eb7t ph\u00f2ng<\/li>\n\n\n\n<li>Gi\u1ea3m 15% gia\u0301 ca\u0301c di\u0323ch vu\u0323 \u1ea9m th\u01b0\u0323c v\u00e0 spa<\/li>\n\n\n\n<li>Nh\u1eadn 3% \u01b0u \u0111a\u0303i tr\u00ean t\u1ed5ng gi\u00e1 ph\u00f2ng, ch\u1ec9 \u00e1p d\u1ee5ng cho \u1ea9m th\u1ef1c v\u00e0 spa<\/li>\n\n\n\n<li>C\u00e1c \u01b0u \u0111\u00e3i \u0111\u1ed9c quy\u1ec1n ch\u1ec9 d\u00e0nh cho H\u1ed9i vi\u00ean<\/li>\n\n\n\n<li>T\u1eb7ng m\u00f3n n\u01b0\u1edbc (kh\u00f4ng c\u1ed3n) cho m\u1ed7i kh\u00e1ch\/ l\u1ea7n l\u01b0u tr\u00fa<\/li>\n\n\n\n<li>T\u1eb7ng b\u00e1nh sinh nh\u1eadt<\/li>\n<\/ul>\n<\/div>\n<\/div>\n<\/div>\n\n\n\n<div class=\"wp-block-group has-global-padding is-layout-constrained wp-container-core-group-is-layout-0b1b5f9b wp-block-group-is-layout-constrained\" style=\"border-bottom-color:#e5e5e5;border-bottom-width:1px;padding-top:var(--wp--preset--spacing--60);padding-bottom:var(--wp--preset--spacing--60)\">\n<div class=\"wp-block-columns are-vertically-aligned-top is-layout-flex wp-container-core-columns-is-layout-28f84493 wp-block-columns-is-layout-flex\">\n<div class=\"wp-block-column is-vertically-aligned-top is-layout-flow wp-block-column-is-layout-flow\" style=\"flex-basis:40%\">\n<figure class=\"wp-block-image size-full\"><img loading=\"lazy\" decoding=\"async\" width=\"800\" height=\"508\" src=\"http:\/\/fusion-suites.com\/wp-content\/uploads\/2025\/03\/fusionlife-prestige.png\" alt=\"\" class=\"wp-image-178\" srcset=\"http:\/\/fusion-suites.com\/wp-content\/uploads\/2025\/03\/fusionlife-prestige.png 800w, http:\/\/fusion-suites.com\/wp-content\/uploads\/2025\/03\/fusionlife-prestige-300x191.png 300w, http:\/\/fusion-suites.com\/wp-content\/uploads\/2025\/03\/fusionlife-prestige-768x488.png 768w, http:\/\/fusion-suites.com\/wp-content\/uploads\/2025\/03\/fusionlife-prestige-18x12.png 18w\" sizes=\"auto, (max-width: 800px) 100vw, 800px\" \/><\/figure>\n<\/div>\n\n\n\n<div class=\"wp-block-column is-vertically-aligned-top is-layout-flow wp-block-column-is-layout-flow\">\n<div class=\"wp-block-group has-global-padding is-layout-constrained wp-container-core-group-is-layout-19e250f3 wp-block-group-is-layout-constrained\">\n<h2 class=\"wp-block-heading\">PRESTIGE<\/h2>\n\n\n\n<p class=\"has-primary-color has-text-color has-link-color has-text-m-font-size wp-elements-c2c71daec3d5cbb571205709f696bd56\">SPEND &gt; $3,000. ANNUAL REQUIRED SPEND TO MAINTAIN STATUS, OR UPGRADE STATUS.<\/p>\n<\/div>\n\n\n\n<ul class=\"wp-block-list\">\n<li>Gi\u1ea3m 18% gi\u00e1 \u0111\u1eb7t ph\u00f2ng<\/li>\n\n\n\n<li>Gi\u1ea3m 20% gia\u0301 di\u0323ch vu\u0323 \u00e2\u0309m th\u01b0\u0323c va\u0300 spa<\/li>\n\n\n\n<li>Nh\u00e2\u0323n 6% \u01b0u \u0111a\u0303i tr\u00ean t\u1ed5ng gi\u00e1 ph\u00f2ng, ch\u1ec9 \u00e1p d\u1ee5ng cho \u1ea9m th\u1ef1c v\u00e0 spa<\/li>\n\n\n\n<li>C\u00e1c \u01b0u \u0111\u00e3i \u0111\u1ed9c quy\u1ec1n ch\u1ec9 d\u00e0nh cho H\u1ed9i vi\u00ean<\/li>\n\n\n\n<li>T\u1eb7ng m\u00f3n n\u01b0\u1edbc (kh\u00f4ng c\u1ed3n) cho m\u1ed7i kh\u00e1ch\/ l\u1ea7n l\u01b0u tr\u00fa<\/li>\n\n\n\n<li>T\u1eb7ng b\u00e1nh sinh nh\u1eadt<\/li>\n\n\n\n<li>Tr\u1ea3 ph\u00f2ng tr\u1ec5 \u0111\u1ebfn 14:00 v\u00e0 nh\u1eadn ph\u00f2ng s\u00f3m, t\u00f9y v\u00e0o t\u00ecnh tr\u1ea1ng ph\u00f2ng tr\u1ed1ng<\/li>\n\n\n\n<li>Ti\u1ec7n nghi VIP<\/li>\n\n\n\n<li>C\u01a1 h\u1ed9i nh\u1eadn voucher l\u01b0u tr\u00fa h\u00e0ng n\u0103m<\/li>\n<\/ul>\n<\/div>\n<\/div>\n<\/div>\n\n\n\n<div class=\"wp-block-group has-global-padding is-layout-constrained wp-container-core-group-is-layout-0b1b5f9b wp-block-group-is-layout-constrained\" style=\"border-bottom-color:#e5e5e5;border-bottom-width:1px;padding-top:var(--wp--preset--spacing--60);padding-bottom:var(--wp--preset--spacing--60)\">\n<div class=\"wp-block-columns are-vertically-aligned-top is-layout-flex wp-container-core-columns-is-layout-28f84493 wp-block-columns-is-layout-flex\">\n<div class=\"wp-block-column is-vertically-aligned-top is-layout-flow wp-block-column-is-layout-flow\" style=\"flex-basis:40%\">\n<figure class=\"wp-block-image size-full\"><img loading=\"lazy\" decoding=\"async\" width=\"800\" height=\"508\" src=\"http:\/\/fusion-suites.com\/wp-content\/uploads\/2025\/03\/fusionlife-elite.png\" alt=\"\" class=\"wp-image-177\" srcset=\"http:\/\/fusion-suites.com\/wp-content\/uploads\/2025\/03\/fusionlife-elite.png 800w, http:\/\/fusion-suites.com\/wp-content\/uploads\/2025\/03\/fusionlife-elite-300x191.png 300w, http:\/\/fusion-suites.com\/wp-content\/uploads\/2025\/03\/fusionlife-elite-768x488.png 768w, http:\/\/fusion-suites.com\/wp-content\/uploads\/2025\/03\/fusionlife-elite-18x12.png 18w\" sizes=\"auto, (max-width: 800px) 100vw, 800px\" \/><\/figure>\n<\/div>\n\n\n\n<div class=\"wp-block-column is-vertically-aligned-top is-layout-flow wp-block-column-is-layout-flow\">\n<div class=\"wp-block-group has-global-padding is-layout-constrained wp-container-core-group-is-layout-19e250f3 wp-block-group-is-layout-constrained\">\n<h2 class=\"wp-block-heading\">ELITE<\/h2>\n\n\n\n<p class=\"has-primary-color has-text-color has-link-color has-text-m-font-size wp-elements-16e46a41c2199cdec2caf398b8a5ece2\">SPEND &gt; $6,000. ANNUAL REQUIRED SPEND TO MAINTAIN STATUS, OR UPGRADE STATUS.<\/p>\n<\/div>\n\n\n\n<ul class=\"wp-block-list\">\n<li>Gi\u1ea3m 21% gi\u00e1 \u0111\u1eb7t ph\u00f2ng<\/li>\n\n\n\n<li>Gi\u1ea3m gi\u00e1 25% gia\u0301 di\u0323ch vu\u0323 \u00e2\u0309m th\u01b0\u0323c va\u0300 spa<\/li>\n\n\n\n<li>Nh\u00e2\u0323n 9% \u01b0u \u0111a\u0303i tr\u00ean t\u1ed5ng gi\u00e1 ph\u00f2ng, ch\u1ec9 \u00e1p d\u1ee5ng cho \u1ea9m th\u1ef1c v\u00e0 spa<\/li>\n\n\n\n<li>C\u00e1c \u01b0u \u0111\u00e3i \u0111\u1ed9c quy\u1ec1n ch\u1ec9 d\u00e0nh cho H\u1ed9i vi\u00ean<\/li>\n\n\n\n<li>T\u1eb7ng m\u00f3n n\u01b0\u1edbc (kh\u00f4ng c\u1ed3n) cho m\u1ed7i kh\u00e1ch\/ l\u1ea7n l\u01b0u tr\u00fa<\/li>\n\n\n\n<li>T\u1eb7ng b\u00e1nh sinh nh\u1eadt<\/li>\n\n\n\n<li>Tr\u1ea3 ph\u00f2ng tr\u1ec5 \u0111\u1ebfn 14:00 v\u00e0 nh\u1eadn ph\u00f2ng s\u00f3m, t\u00f9y v\u00e0o t\u00ecnh tr\u1ea1ng ph\u00f2ng tr\u1ed1ng<\/li>\n\n\n\n<li>Ti\u1ec7n nghi VIP<\/li>\n\n\n\n<li>C\u01a1 h\u1ed9i nh\u1eadn voucher l\u01b0u tr\u00fa h\u00e0ng n\u0103m<\/li>\n\n\n\n<li>N\u00e2ng c\u1ea5p h\u1ea1ng ph\u00f2ng, t\u00f9y v\u00e0o t\u00ecnh tr\u1ea1ng ph\u00f2ng tr\u1ed1ng<\/li>\n<\/ul>\n<\/div>\n<\/div>\n<\/div>\n<\/div>","protected":false},"excerpt":{"rendered":"<p>FUSIONLIFER ENJOY EXCLUSIVE BENEFITS FROM THE MOMENT YOU JOIN PREMIER SPEND &gt; $1,000. ANNUAL REQUIRED SPEND TO MAINTAIN STATUS, OR UPGRADE STATUS. PRESTIGE SPEND &gt; $3,000. ANNUAL REQUIRED SPEND TO MAINTAIN STATUS, OR UPGRADE STATUS. ELITE SPEND &gt; $6,000. ANNUAL REQUIRED SPEND TO MAINTAIN STATUS, OR UPGRADE STATUS.<\/p>","protected":false},"author":3,"featured_media":0,"parent":0,"menu_order":0,"comment_status":"closed","ping_status":"closed","template":"","meta":{"footnotes":""},"class_list":["post-11","page","type-page","status-publish","hentry"],"_links":{"self":[{"href":"http:\/\/fusion-suites.com\/vi\/wp-json\/wp\/v2\/pages\/11","targetHints":{"allow":["GET"]}}],"collection":[{"href":"http:\/\/fusion-suites.com\/vi\/wp-json\/wp\/v2\/pages"}],"about":[{"href":"http:\/\/fusion-suites.com\/vi\/wp-json\/wp\/v2\/types\/page"}],"author":[{"embeddable":true,"href":"http:\/\/fusion-suites.com\/vi\/wp-json\/wp\/v2\/users\/3"}],"replies":[{"embeddable":true,"href":"http:\/\/fusion-suites.com\/vi\/wp-json\/wp\/v2\/comments?post=11"}],"version-history":[{"count":2,"href":"http:\/\/fusion-suites.com\/vi\/wp-json\/wp\/v2\/pages\/11\/revisions"}],"predecessor-version":[{"id":179,"href":"http:\/\/fusion-suites.com\/vi\/wp-json\/wp\/v2\/pages\/11\/revisions\/179"}],"wp:attachment":[{"href":"http:\/\/fusion-suites.com\/vi\/wp-json\/wp\/v2\/media?parent=11"}],"curies":[{"name":"wp","href":"https:\/\/api.w.org\/{rel}","templated":true}]}}